{"id":45,"date":"2022-03-11T10:30:25","date_gmt":"2022-03-11T09:30:25","guid":{"rendered":"https:\/\/www.domainedelenvolee.fr\/?page_id=45"},"modified":"2025-01-22T06:51:11","modified_gmt":"2025-01-22T05:51:11","slug":"boutique-en-ligne","status":"publish","type":"page","link":"https:\/\/www.domainedelenvolee.fr\/en\/boutique-en-ligne\/","title":{"rendered":"Online shop"},"content":{"rendered":"<div data-elementor-type=\"wp-page\" data-elementor-id=\"45\" class=\"elementor elementor-45\" data-elementor-post-type=\"page\">\n\t\t\t\t\t\t<section class=\"elementor-section elementor-top-section elementor-element elementor-element-39960a6 elementor-section-full_width elementor-section-height-min-height elementor-section-height-default elementor-section-items-middle\" data-id=\"39960a6\" data-element_type=\"section\" data-e-type=\"section\" data-settings=\"{&quot;background_background&quot;:&quot;classic&quot;}\">\n\t\t\t\t\t\t<div class=\"elementor-container elementor-column-gap-default\">\n\t\t\t\t\t<div class=\"elementor-column elementor-col-100 elementor-top-column elementor-element elementor-element-1ff7b49\" data-id=\"1ff7b49\" data-element_type=\"column\" data-e-type=\"column\">\n\t\t\t<div class=\"elementor-widget-wrap elementor-element-populated\">\n\t\t\t\t\t\t<div class=\"elementor-element elementor-element-706a4ee elementor-widget elementor-widget-heading\" data-id=\"706a4ee\" data-element_type=\"widget\" data-e-type=\"widget\" data-widget_type=\"heading.default\">\n\t\t\t\t<div class=\"elementor-widget-container\">\n\t\t\t\t\t<h2 class=\"elementor-heading-title elementor-size-default\">Boutique Vin<\/h2>\t\t\t\t<\/div>\n\t\t\t\t<\/div>\n\t\t\t\t\t<\/div>\n\t\t<\/div>\n\t\t\t\t\t<\/div>\n\t\t<\/section>\n\t\t\t\t<section class=\"elementor-section elementor-top-section elementor-element elementor-element-70786db elementor-section-boxed elementor-section-height-default elementor-section-height-default\" data-id=\"70786db\" data-element_type=\"section\" data-e-type=\"section\">\n\t\t\t\t\t\t<div class=\"elementor-container elementor-column-gap-default\">\n\t\t\t\t\t<div class=\"elementor-column elementor-col-100 elementor-top-column elementor-element elementor-element-b1f95d2\" data-id=\"b1f95d2\" data-element_type=\"column\" data-e-type=\"column\">\n\t\t\t<div class=\"elementor-widget-wrap elementor-element-populated\">\n\t\t\t\t\t\t<div class=\"elementor-element elementor-element-e22bc53 elementor-grid-3 elementor-product-loop-item--align-center elementor-grid-tablet-3 elementor-grid-mobile-2 elementor-products-grid elementor-wc-products elementor-widget elementor-widget-woocommerce-products\" data-id=\"e22bc53\" data-element_type=\"widget\" data-e-type=\"widget\" data-widget_type=\"woocommerce-products.default\">\n\t\t\t\t<div class=\"elementor-widget-container\">\n\t\t\t\t\t<div class=\"woocommerce columns-3\"><ul class=\"products elementor-grid columns-3\">\n<li class=\"product type-product post-6414 status-publish first instock product_cat-rose has-post-thumbnail taxable shipping-taxable purchasable product-type-simple\">\n\t<a href=\"https:\/\/www.domainedelenvolee.fr\/en\/product\/prelude-rose\/\" class=\"woocommerce-LoopProduct-link woocommerce-loop-product__link\"><img fetchpriority=\"high\" decoding=\"async\" width=\"2000\" height=\"2000\" src=\"https:\/\/www.domainedelenvolee.fr\/wp-content\/uploads\/2022\/03\/prelude-rose.png\" class=\"attachment-woocommerce_thumbnail size-woocommerce_thumbnail\" alt=\"Pr\u00e9lude ros\u00e9\" \/><h2 class=\"woocommerce-loop-product__title\">Pr\u00e9lude ros\u00e9<\/h2>\n\t<span class=\"price\"><span class=\"woocommerce-Price-amount amount\"><bdi>10.00&nbsp;<span class=\"woocommerce-Price-currencySymbol\">&euro;<\/span><\/bdi><\/span><\/span>\n<\/a><div class=\"woocommerce-loop-product__buttons\"><a href=\"\/en\/wp-json\/wp\/v2\/pages\/45?add-to-cart=6414\" aria-describedby=\"woocommerce_loop_add_to_cart_link_describedby_6414\" data-quantity=\"1\" class=\"button product_type_simple add_to_cart_button ajax_add_to_cart\" data-product_id=\"6414\" data-product_sku=\"\" aria-label=\"Add to basket: \u201cPr\u00e9lude ros\u00e9\u201d\" rel=\"nofollow\" data-success_message=\"\u201cPr\u00e9lude ros\u00e9\u201d has been added to your basket\" data-no-translation=\"\" data-trp-gettext=\"\" data-no-translation-aria-label=\"\" data-no-translation-data-success_message=\"\">Add to basket<\/a><\/div>\t<span id=\"woocommerce_loop_add_to_cart_link_describedby_6414\" class=\"screen-reader-text\">\n\t\t\t<\/span>\n<\/li>\n<li class=\"product type-product post-6413 status-publish instock product_cat-blanc has-post-thumbnail taxable shipping-taxable purchasable product-type-simple\">\n\t<a href=\"https:\/\/www.domainedelenvolee.fr\/en\/product\/prelude-blanc\/\" class=\"woocommerce-LoopProduct-link woocommerce-loop-product__link\"><img decoding=\"async\" width=\"2000\" height=\"2000\" src=\"https:\/\/www.domainedelenvolee.fr\/wp-content\/uploads\/2022\/03\/prelude.png\" class=\"attachment-woocommerce_thumbnail size-woocommerce_thumbnail\" alt=\"Pr\u00e9lude blanc\" \/><h2 class=\"woocommerce-loop-product__title\">Pr\u00e9lude blanc<\/h2>\n\t<span class=\"price\"><span class=\"woocommerce-Price-amount amount\"><bdi>12.00&nbsp;<span class=\"woocommerce-Price-currencySymbol\">&euro;<\/span><\/bdi><\/span><\/span>\n<\/a><div class=\"woocommerce-loop-product__buttons\"><a href=\"\/en\/wp-json\/wp\/v2\/pages\/45?add-to-cart=6413\" aria-describedby=\"woocommerce_loop_add_to_cart_link_describedby_6413\" data-quantity=\"1\" class=\"button product_type_simple add_to_cart_button ajax_add_to_cart\" data-product_id=\"6413\" data-product_sku=\"\" aria-label=\"Add to basket: \u201cPr\u00e9lude blanc\u201d\" rel=\"nofollow\" data-success_message=\"\u201cPr\u00e9lude blanc\u201d has been added to your basket\" data-no-translation=\"\" data-trp-gettext=\"\" data-no-translation-aria-label=\"\" data-no-translation-data-success_message=\"\">Add to basket<\/a><\/div>\t<span id=\"woocommerce_loop_add_to_cart_link_describedby_6413\" class=\"screen-reader-text\">\n\t\t\t<\/span>\n<\/li>\n<li class=\"product type-product post-6415 status-publish last instock product_cat-rouge has-post-thumbnail taxable shipping-taxable purchasable product-type-simple\">\n\t<a href=\"https:\/\/www.domainedelenvolee.fr\/en\/product\/prelude-rouge\/\" class=\"woocommerce-LoopProduct-link woocommerce-loop-product__link\"><img decoding=\"async\" width=\"2000\" height=\"2000\" src=\"https:\/\/www.domainedelenvolee.fr\/wp-content\/uploads\/2022\/03\/prelude-rouge.png\" class=\"attachment-woocommerce_thumbnail size-woocommerce_thumbnail\" alt=\"Pr\u00e9lude rouge\" \/><h2 class=\"woocommerce-loop-product__title\">Pr\u00e9lude rouge<\/h2>\n\t<span class=\"price\"><span class=\"woocommerce-Price-amount amount\"><bdi>11.00&nbsp;<span class=\"woocommerce-Price-currencySymbol\">&euro;<\/span><\/bdi><\/span><\/span>\n<\/a><div class=\"woocommerce-loop-product__buttons\"><a href=\"\/en\/wp-json\/wp\/v2\/pages\/45?add-to-cart=6415\" aria-describedby=\"woocommerce_loop_add_to_cart_link_describedby_6415\" data-quantity=\"1\" class=\"button product_type_simple add_to_cart_button ajax_add_to_cart\" data-product_id=\"6415\" data-product_sku=\"\" aria-label=\"Add to basket: \u201cPr\u00e9lude rouge\u201d\" rel=\"nofollow\" data-success_message=\"\u201cPr\u00e9lude rouge\u201d has been added to your basket\" data-no-translation=\"\" data-trp-gettext=\"\" data-no-translation-aria-label=\"\" data-no-translation-data-success_message=\"\">Add to basket<\/a><\/div>\t<span id=\"woocommerce_loop_add_to_cart_link_describedby_6415\" class=\"screen-reader-text\">\n\t\t\t<\/span>\n<\/li>\n<li class=\"product type-product post-6758 status-publish first instock product_cat-rouge has-post-thumbnail taxable shipping-taxable purchasable product-type-simple\">\n\t<a href=\"https:\/\/www.domainedelenvolee.fr\/en\/product\/volupte\/\" class=\"woocommerce-LoopProduct-link woocommerce-loop-product__link\"><img loading=\"lazy\" decoding=\"async\" width=\"2000\" height=\"2000\" src=\"https:\/\/www.domainedelenvolee.fr\/wp-content\/uploads\/2022\/03\/Plan-de-travail-1drole-doiseau.png\" class=\"attachment-woocommerce_thumbnail size-woocommerce_thumbnail\" alt=\"Dr\u00f4le d&#039;oiseau\" \/><h2 class=\"woocommerce-loop-product__title\">Funny bird<\/h2>\n\t<span class=\"price\"><span class=\"woocommerce-Price-amount amount\"><bdi>13.00&nbsp;<span class=\"woocommerce-Price-currencySymbol\">&euro;<\/span><\/bdi><\/span><\/span>\n<\/a><div class=\"woocommerce-loop-product__buttons\"><a href=\"\/en\/wp-json\/wp\/v2\/pages\/45?add-to-cart=6758\" aria-describedby=\"woocommerce_loop_add_to_cart_link_describedby_6758\" data-quantity=\"1\" class=\"button product_type_simple add_to_cart_button ajax_add_to_cart\" data-product_id=\"6758\" data-product_sku=\"\" aria-label=\"Add to basket: \u201cDr\u00f4le d&#039;oiseau\u201d\" rel=\"nofollow\" data-success_message=\"\u201cDr\u00f4le d&#039;oiseau\u201d has been added to your basket\" data-no-translation=\"\" data-trp-gettext=\"\" data-no-translation-aria-label=\"\" data-no-translation-data-success_message=\"\">Add to basket<\/a><\/div>\t<span id=\"woocommerce_loop_add_to_cart_link_describedby_6758\" class=\"screen-reader-text\">\n\t\t\t<\/span>\n<\/li>\n<li class=\"product type-product post-6416 status-publish instock product_cat-rouge has-post-thumbnail taxable shipping-taxable purchasable product-type-simple\">\n\t<a href=\"https:\/\/www.domainedelenvolee.fr\/en\/product\/volupte-rouge\/\" class=\"woocommerce-LoopProduct-link woocommerce-loop-product__link\"><img loading=\"lazy\" decoding=\"async\" width=\"2000\" height=\"2000\" src=\"https:\/\/www.domainedelenvolee.fr\/wp-content\/uploads\/2022\/03\/volupte.png\" class=\"attachment-woocommerce_thumbnail size-woocommerce_thumbnail\" alt=\"Volupt\u00e9\" \/><h2 class=\"woocommerce-loop-product__title\">Volupt\u00e9<\/h2>\n\t<span class=\"price\"><span class=\"woocommerce-Price-amount amount\"><bdi>16.00&nbsp;<span class=\"woocommerce-Price-currencySymbol\">&euro;<\/span><\/bdi><\/span><\/span>\n<\/a><div class=\"woocommerce-loop-product__buttons\"><a href=\"\/en\/wp-json\/wp\/v2\/pages\/45?add-to-cart=6416\" aria-describedby=\"woocommerce_loop_add_to_cart_link_describedby_6416\" data-quantity=\"1\" class=\"button product_type_simple add_to_cart_button ajax_add_to_cart\" data-product_id=\"6416\" data-product_sku=\"\" aria-label=\"Add to basket: \u201cVolupt\u00e9\u201d\" rel=\"nofollow\" data-success_message=\"\u201cVolupt\u00e9\u201d has been added to your basket\" data-no-translation=\"\" data-trp-gettext=\"\" data-no-translation-aria-label=\"\" data-no-translation-data-success_message=\"\">Add to basket<\/a><\/div>\t<span id=\"woocommerce_loop_add_to_cart_link_describedby_6416\" class=\"screen-reader-text\">\n\t\t\t<\/span>\n<\/li>\n<li class=\"product type-product post-6417 status-publish last instock product_cat-rouge has-post-thumbnail taxable shipping-taxable purchasable product-type-simple\">\n\t<a href=\"https:\/\/www.domainedelenvolee.fr\/en\/product\/laudacieuse-rouge\/\" class=\"woocommerce-LoopProduct-link woocommerce-loop-product__link\"><img loading=\"lazy\" decoding=\"async\" width=\"2000\" height=\"2000\" src=\"https:\/\/www.domainedelenvolee.fr\/wp-content\/uploads\/2022\/03\/audacieuse.png\" class=\"attachment-woocommerce_thumbnail size-woocommerce_thumbnail\" alt=\"L&#039;Audacieuse\" \/><h2 class=\"woocommerce-loop-product__title\">L&rsquo;Audacieuse<\/h2>\n\t<span class=\"price\"><span class=\"woocommerce-Price-amount amount\"><bdi>22.00&nbsp;<span class=\"woocommerce-Price-currencySymbol\">&euro;<\/span><\/bdi><\/span><\/span>\n<\/a><div class=\"woocommerce-loop-product__buttons\"><a href=\"\/en\/wp-json\/wp\/v2\/pages\/45?add-to-cart=6417\" aria-describedby=\"woocommerce_loop_add_to_cart_link_describedby_6417\" data-quantity=\"1\" class=\"button product_type_simple add_to_cart_button ajax_add_to_cart\" data-product_id=\"6417\" data-product_sku=\"\" aria-label=\"Add to basket: \u201cL&#039;Audacieuse\u201d\" rel=\"nofollow\" data-success_message=\"\u201cL&#039;Audacieuse\u201d has been added to your basket\" data-no-translation=\"\" data-trp-gettext=\"\" data-no-translation-aria-label=\"\" data-no-translation-data-success_message=\"\">Add to basket<\/a><\/div>\t<span id=\"woocommerce_loop_add_to_cart_link_describedby_6417\" class=\"screen-reader-text\">\n\t\t\t<\/span>\n<\/li>\n<li class=\"product type-product post-10750 status-publish first instock product_cat-blanc has-post-thumbnail taxable shipping-taxable purchasable product-type-simple\">\n\t<a href=\"https:\/\/www.domainedelenvolee.fr\/en\/product\/laudacieux\/\" class=\"woocommerce-LoopProduct-link woocommerce-loop-product__link\"><img loading=\"lazy\" decoding=\"async\" width=\"2000\" height=\"2000\" src=\"https:\/\/www.domainedelenvolee.fr\/wp-content\/uploads\/2025\/12\/lAudacieux-2023.png\" class=\"attachment-woocommerce_thumbnail size-woocommerce_thumbnail\" alt=\"L&#039;Audacieux\" \/><h2 class=\"woocommerce-loop-product__title\">L&rsquo;Audacieux<\/h2>\n\t<span class=\"price\"><span class=\"woocommerce-Price-amount amount\"><bdi>16.00&nbsp;<span class=\"woocommerce-Price-currencySymbol\">&euro;<\/span><\/bdi><\/span><\/span>\n<\/a><div class=\"woocommerce-loop-product__buttons\"><a href=\"\/en\/wp-json\/wp\/v2\/pages\/45?add-to-cart=10750\" aria-describedby=\"woocommerce_loop_add_to_cart_link_describedby_10750\" data-quantity=\"1\" class=\"button product_type_simple add_to_cart_button ajax_add_to_cart\" data-product_id=\"10750\" data-product_sku=\"\" aria-label=\"Add to basket: \u201cL&#039;Audacieux\u201d\" rel=\"nofollow\" data-success_message=\"\u201cL&#039;Audacieux\u201d has been added to your basket\" data-no-translation=\"\" data-trp-gettext=\"\" data-no-translation-aria-label=\"\" data-no-translation-data-success_message=\"\">Add to basket<\/a><\/div>\t<span id=\"woocommerce_loop_add_to_cart_link_describedby_10750\" class=\"screen-reader-text\">\n\t\t\t<\/span>\n<\/li>\n<\/ul>\n<\/div>\t\t\t\t<\/div>\n\t\t\t\t<\/div>\n\t\t\t\t\t<\/div>\n\t\t<\/div>\n\t\t\t\t\t<\/div>\n\t\t<\/section>\n\t\t\t\t<\/div>","protected":false},"excerpt":{"rendered":"<p>Boutique Vin<\/p>","protected":false},"author":1,"featured_media":6204,"parent":0,"menu_order":15,"comment_status":"closed","ping_status":"closed","template":"elementor_header_footer","meta":{"_acf_changed":false,"footnotes":""},"class_list":["post-45","page","type-page","status-publish","has-post-thumbnail","hentry"],"acf":[],"yoast_head":"<!-- This site is optimized with the Yoast SEO plugin v27.4 - https:\/\/yoast.com\/product\/yoast-seo-wordpress\/ -->\n<title>Boutique en ligne - Domaine de l&#039;Envol\u00e9e<\/title>\n<meta name=\"robots\" content=\"index, follow, max-snippet:-1, max-image-preview:large, max-video-preview:-1\" \/>\n<link rel=\"canonical\" href=\"https:\/\/www.domainedelenvolee.fr\/en\/boutique-en-ligne\/\" \/>\n<meta property=\"og:locale\" content=\"en_GB\" \/>\n<meta property=\"og:type\" content=\"article\" \/>\n<meta property=\"og:title\" content=\"Boutique en ligne - Domaine de l&#039;Envol\u00e9e\" \/>\n<meta property=\"og:description\" content=\"Boutique Vin\" \/>\n<meta property=\"og:url\" content=\"https:\/\/www.domainedelenvolee.fr\/en\/boutique-en-ligne\/\" \/>\n<meta property=\"og:site_name\" content=\"Domaine de l&#039;Envol\u00e9e\" \/>\n<meta property=\"article:modified_time\" content=\"2025-01-22T05:51:11+00:00\" \/>\n<meta property=\"og:image\" content=\"https:\/\/www.domainedelenvolee.fr\/wp-content\/uploads\/2022\/03\/36744889_10155253752951017_1898689494056435712_o.jpg\" \/>\n\t<meta property=\"og:image:width\" content=\"960\" \/>\n\t<meta property=\"og:image:height\" content=\"960\" \/>\n\t<meta property=\"og:image:type\" content=\"image\/jpeg\" \/>\n<meta name=\"twitter:card\" content=\"summary_large_image\" \/>\n<meta name=\"twitter:label1\" content=\"Estimated reading time\" \/>\n\t<meta name=\"twitter:data1\" content=\"2 minutes\" \/>\n<script type=\"application\/ld+json\" class=\"yoast-schema-graph\">{\"@context\":\"https:\\\/\\\/schema.org\",\"@graph\":[{\"@type\":\"WebPage\",\"@id\":\"https:\\\/\\\/www.domainedelenvolee.fr\\\/boutique-en-ligne\\\/\",\"url\":\"https:\\\/\\\/www.domainedelenvolee.fr\\\/boutique-en-ligne\\\/\",\"name\":\"Boutique en ligne - Domaine de l&#039;Envol\u00e9e\",\"isPartOf\":{\"@id\":\"https:\\\/\\\/www.domainedelenvolee.fr\\\/#website\"},\"primaryImageOfPage\":{\"@id\":\"https:\\\/\\\/www.domainedelenvolee.fr\\\/boutique-en-ligne\\\/#primaryimage\"},\"image\":{\"@id\":\"https:\\\/\\\/www.domainedelenvolee.fr\\\/boutique-en-ligne\\\/#primaryimage\"},\"thumbnailUrl\":\"https:\\\/\\\/www.domainedelenvolee.fr\\\/wp-content\\\/uploads\\\/2022\\\/03\\\/36744889_10155253752951017_1898689494056435712_o.jpg\",\"datePublished\":\"2022-03-11T09:30:25+00:00\",\"dateModified\":\"2025-01-22T05:51:11+00:00\",\"breadcrumb\":{\"@id\":\"https:\\\/\\\/www.domainedelenvolee.fr\\\/boutique-en-ligne\\\/#breadcrumb\"},\"inLanguage\":\"en-GB\",\"potentialAction\":[{\"@type\":\"ReadAction\",\"target\":[\"https:\\\/\\\/www.domainedelenvolee.fr\\\/boutique-en-ligne\\\/\"]}]},{\"@type\":\"ImageObject\",\"inLanguage\":\"en-GB\",\"@id\":\"https:\\\/\\\/www.domainedelenvolee.fr\\\/boutique-en-ligne\\\/#primaryimage\",\"url\":\"https:\\\/\\\/www.domainedelenvolee.fr\\\/wp-content\\\/uploads\\\/2022\\\/03\\\/36744889_10155253752951017_1898689494056435712_o.jpg\",\"contentUrl\":\"https:\\\/\\\/www.domainedelenvolee.fr\\\/wp-content\\\/uploads\\\/2022\\\/03\\\/36744889_10155253752951017_1898689494056435712_o.jpg\",\"width\":960,\"height\":960},{\"@type\":\"BreadcrumbList\",\"@id\":\"https:\\\/\\\/www.domainedelenvolee.fr\\\/boutique-en-ligne\\\/#breadcrumb\",\"itemListElement\":[{\"@type\":\"ListItem\",\"position\":1,\"name\":\"Accueil\",\"item\":\"https:\\\/\\\/www.domainedelenvolee.fr\\\/\"},{\"@type\":\"ListItem\",\"position\":2,\"name\":\"Boutique en ligne\"}]},{\"@type\":\"WebSite\",\"@id\":\"https:\\\/\\\/www.domainedelenvolee.fr\\\/#website\",\"url\":\"https:\\\/\\\/www.domainedelenvolee.fr\\\/\",\"name\":\"Domaine de l'Envol\u00e9e\",\"description\":\"Vins, gites de charme et r\u00e9ception \u00e0 P\u00e9zenas\",\"publisher\":{\"@id\":\"https:\\\/\\\/www.domainedelenvolee.fr\\\/#organization\"},\"potentialAction\":[{\"@type\":\"SearchAction\",\"target\":{\"@type\":\"EntryPoint\",\"urlTemplate\":\"https:\\\/\\\/www.domainedelenvolee.fr\\\/?s={search_term_string}\"},\"query-input\":{\"@type\":\"PropertyValueSpecification\",\"valueRequired\":true,\"valueName\":\"search_term_string\"}}],\"inLanguage\":\"en-GB\"},{\"@type\":\"Organization\",\"@id\":\"https:\\\/\\\/www.domainedelenvolee.fr\\\/#organization\",\"name\":\"Domaine de l'Envol\u00e9e\",\"url\":\"https:\\\/\\\/www.domainedelenvolee.fr\\\/\",\"logo\":{\"@type\":\"ImageObject\",\"inLanguage\":\"en-GB\",\"@id\":\"https:\\\/\\\/www.domainedelenvolee.fr\\\/#\\\/schema\\\/logo\\\/image\\\/\",\"url\":\"https:\\\/\\\/www.domainedelenvolee.fr\\\/wp-content\\\/uploads\\\/2023\\\/06\\\/2-logotype-domaine-de-l-envolee.png\",\"contentUrl\":\"https:\\\/\\\/www.domainedelenvolee.fr\\\/wp-content\\\/uploads\\\/2023\\\/06\\\/2-logotype-domaine-de-l-envolee.png\",\"width\":400,\"height\":210,\"caption\":\"Domaine de l'Envol\u00e9e\"},\"image\":{\"@id\":\"https:\\\/\\\/www.domainedelenvolee.fr\\\/#\\\/schema\\\/logo\\\/image\\\/\"}}]}<\/script>\n<!-- \/ Yoast SEO plugin. -->","yoast_head_json":{"title":"Boutique en ligne - Domaine de l&#039;Envol\u00e9e","robots":{"index":"index","follow":"follow","max-snippet":"max-snippet:-1","max-image-preview":"max-image-preview:large","max-video-preview":"max-video-preview:-1"},"canonical":"https:\/\/www.domainedelenvolee.fr\/en\/boutique-en-ligne\/","og_locale":"en_GB","og_type":"article","og_title":"Boutique en ligne - Domaine de l&#039;Envol\u00e9e","og_description":"Boutique Vin","og_url":"https:\/\/www.domainedelenvolee.fr\/en\/boutique-en-ligne\/","og_site_name":"Domaine de l&#039;Envol\u00e9e","article_modified_time":"2025-01-22T05:51:11+00:00","og_image":[{"width":960,"height":960,"url":"https:\/\/www.domainedelenvolee.fr\/wp-content\/uploads\/2022\/03\/36744889_10155253752951017_1898689494056435712_o.jpg","type":"image\/jpeg"}],"twitter_card":"summary_large_image","twitter_misc":{"Estimated reading time":"2 minutes"},"schema":{"@context":"https:\/\/schema.org","@graph":[{"@type":"WebPage","@id":"https:\/\/www.domainedelenvolee.fr\/boutique-en-ligne\/","url":"https:\/\/www.domainedelenvolee.fr\/boutique-en-ligne\/","name":"Boutique en ligne - Domaine de l&#039;Envol\u00e9e","isPartOf":{"@id":"https:\/\/www.domainedelenvolee.fr\/#website"},"primaryImageOfPage":{"@id":"https:\/\/www.domainedelenvolee.fr\/boutique-en-ligne\/#primaryimage"},"image":{"@id":"https:\/\/www.domainedelenvolee.fr\/boutique-en-ligne\/#primaryimage"},"thumbnailUrl":"https:\/\/www.domainedelenvolee.fr\/wp-content\/uploads\/2022\/03\/36744889_10155253752951017_1898689494056435712_o.jpg","datePublished":"2022-03-11T09:30:25+00:00","dateModified":"2025-01-22T05:51:11+00:00","breadcrumb":{"@id":"https:\/\/www.domainedelenvolee.fr\/boutique-en-ligne\/#breadcrumb"},"inLanguage":"en-GB","potentialAction":[{"@type":"ReadAction","target":["https:\/\/www.domainedelenvolee.fr\/boutique-en-ligne\/"]}]},{"@type":"ImageObject","inLanguage":"en-GB","@id":"https:\/\/www.domainedelenvolee.fr\/boutique-en-ligne\/#primaryimage","url":"https:\/\/www.domainedelenvolee.fr\/wp-content\/uploads\/2022\/03\/36744889_10155253752951017_1898689494056435712_o.jpg","contentUrl":"https:\/\/www.domainedelenvolee.fr\/wp-content\/uploads\/2022\/03\/36744889_10155253752951017_1898689494056435712_o.jpg","width":960,"height":960},{"@type":"BreadcrumbList","@id":"https:\/\/www.domainedelenvolee.fr\/boutique-en-ligne\/#breadcrumb","itemListElement":[{"@type":"ListItem","position":1,"name":"Accueil","item":"https:\/\/www.domainedelenvolee.fr\/"},{"@type":"ListItem","position":2,"name":"Boutique en ligne"}]},{"@type":"WebSite","@id":"https:\/\/www.domainedelenvolee.fr\/#website","url":"https:\/\/www.domainedelenvolee.fr\/","name":"Domaine de l'Envol\u00e9e","description":"Vins, gites de charme et r\u00e9ception \u00e0 P\u00e9zenas","publisher":{"@id":"https:\/\/www.domainedelenvolee.fr\/#organization"},"potentialAction":[{"@type":"SearchAction","target":{"@type":"EntryPoint","urlTemplate":"https:\/\/www.domainedelenvolee.fr\/?s={search_term_string}"},"query-input":{"@type":"PropertyValueSpecification","valueRequired":true,"valueName":"search_term_string"}}],"inLanguage":"en-GB"},{"@type":"Organization","@id":"https:\/\/www.domainedelenvolee.fr\/#organization","name":"Domaine de l'Envol\u00e9e","url":"https:\/\/www.domainedelenvolee.fr\/","logo":{"@type":"ImageObject","inLanguage":"en-GB","@id":"https:\/\/www.domainedelenvolee.fr\/#\/schema\/logo\/image\/","url":"https:\/\/www.domainedelenvolee.fr\/wp-content\/uploads\/2023\/06\/2-logotype-domaine-de-l-envolee.png","contentUrl":"https:\/\/www.domainedelenvolee.fr\/wp-content\/uploads\/2023\/06\/2-logotype-domaine-de-l-envolee.png","width":400,"height":210,"caption":"Domaine de l'Envol\u00e9e"},"image":{"@id":"https:\/\/www.domainedelenvolee.fr\/#\/schema\/logo\/image\/"}}]}},"_links":{"self":[{"href":"https:\/\/www.domainedelenvolee.fr\/en\/wp-json\/wp\/v2\/pages\/45","targetHints":{"allow":["GET"]}}],"collection":[{"href":"https:\/\/www.domainedelenvolee.fr\/en\/wp-json\/wp\/v2\/pages"}],"about":[{"href":"https:\/\/www.domainedelenvolee.fr\/en\/wp-json\/wp\/v2\/types\/page"}],"author":[{"embeddable":true,"href":"https:\/\/www.domainedelenvolee.fr\/en\/wp-json\/wp\/v2\/users\/1"}],"replies":[{"embeddable":true,"href":"https:\/\/www.domainedelenvolee.fr\/en\/wp-json\/wp\/v2\/comments?post=45"}],"version-history":[{"count":113,"href":"https:\/\/www.domainedelenvolee.fr\/en\/wp-json\/wp\/v2\/pages\/45\/revisions"}],"predecessor-version":[{"id":10607,"href":"https:\/\/www.domainedelenvolee.fr\/en\/wp-json\/wp\/v2\/pages\/45\/revisions\/10607"}],"wp:featuredmedia":[{"embeddable":true,"href":"https:\/\/www.domainedelenvolee.fr\/en\/wp-json\/wp\/v2\/media\/6204"}],"wp:attachment":[{"href":"https:\/\/www.domainedelenvolee.fr\/en\/wp-json\/wp\/v2\/media?parent=45"}],"curies":[{"name":"wp","href":"https:\/\/api.w.org\/{rel}","templated":true}]}}