{"id":69,"date":"2022-03-11T10:37:53","date_gmt":"2022-03-11T09:37:53","guid":{"rendered":"https:\/\/www.domainedelenvolee.fr\/?page_id=69"},"modified":"2023-06-19T16:26:05","modified_gmt":"2023-06-19T14:26:05","slug":"mon-compte","status":"publish","type":"page","link":"https:\/\/www.domainedelenvolee.fr\/en\/boutique-en-ligne\/mon-compte\/","title":{"rendered":"Mon compte"},"content":{"rendered":"<div data-elementor-type=\"wp-page\" data-elementor-id=\"69\" class=\"elementor elementor-69\" data-elementor-post-type=\"page\">\n\t\t\t\t\t\t<section class=\"elementor-section elementor-top-section elementor-element elementor-element-431ffc6f elementor-section-full_width elementor-section-height-min-height elementor-section-height-default elementor-section-items-middle\" data-id=\"431ffc6f\" data-element_type=\"section\" data-e-type=\"section\" data-settings=\"{&quot;background_background&quot;:&quot;classic&quot;}\">\n\t\t\t\t\t\t\t<div class=\"elementor-background-overlay\"><\/div>\n\t\t\t\t\t\t\t<div class=\"elementor-container elementor-column-gap-default\">\n\t\t\t\t\t<div class=\"elementor-column elementor-col-100 elementor-top-column elementor-element elementor-element-6ac36ce3\" data-id=\"6ac36ce3\" data-element_type=\"column\" data-e-type=\"column\">\n\t\t\t<div class=\"elementor-widget-wrap elementor-element-populated\">\n\t\t\t\t\t\t<div class=\"elementor-element elementor-element-88308e0 elementor-widget elementor-widget-heading\" data-id=\"88308e0\" data-element_type=\"widget\" data-e-type=\"widget\" data-widget_type=\"heading.default\">\n\t\t\t\t<div class=\"elementor-widget-container\">\n\t\t\t\t\t<h2 class=\"elementor-heading-title elementor-size-default\">Mon compte<\/h2>\t\t\t\t<\/div>\n\t\t\t\t<\/div>\n\t\t\t\t\t<\/div>\n\t\t<\/div>\n\t\t\t\t\t<\/div>\n\t\t<\/section>\n\t\t\t\t<section class=\"elementor-section elementor-top-section elementor-element elementor-element-1cabca6 elementor-section-full_width elementor-section-height-default elementor-section-height-default\" data-id=\"1cabca6\" data-element_type=\"section\" data-e-type=\"section\">\n\t\t\t\t\t\t<div class=\"elementor-container elementor-column-gap-default\">\n\t\t\t\t\t<div class=\"elementor-column elementor-col-100 elementor-top-column elementor-element elementor-element-13b59db\" data-id=\"13b59db\" data-element_type=\"column\" data-e-type=\"column\">\n\t\t\t<div class=\"elementor-widget-wrap elementor-element-populated\">\n\t\t\t\t\t\t<div class=\"elementor-element elementor-element-5b22148 e-my-account-tabs-vertical elementor-widget elementor-widget-woocommerce-my-account\" data-id=\"5b22148\" data-element_type=\"widget\" data-e-type=\"widget\" data-settings=\"{&quot;customize_dashboard_check&quot;:&quot;yes&quot;,&quot;forms_buttons_hover_animation&quot;:&quot;grow&quot;}\" data-widget_type=\"woocommerce-my-account.default\">\n\t\t\t\t<div class=\"elementor-widget-container\">\n\t\t\t\t\t<div class=\"e-my-account-tab e-my-account-tab__\">\t\t\t<div class=\"woocommerce\"><\/div>\t\t<\/div>\n\t\t\t\t\t\t<\/div>\n\t\t\t\t<\/div>\n\t\t\t\t\t<\/div>\n\t\t<\/div>\n\t\t\t\t\t<\/div>\n\t\t<\/section>\n\t\t\t\t<\/div>","protected":false},"excerpt":{"rendered":"<p>Mon compte Tableau de bord Commandes T\u00e9l\u00e9chargements Adresses Informations personnelles D\u00e9connexion Bonjour admin9866 (vous n\u2019\u00eates pas admin9866\u00a0? D\u00e9connexion) \u00c0 partir du tableau de bord de votre compte, vous pouvez visualiser vos commandes r\u00e9centes, g\u00e9rer vos adresses de livraison et de facturation ainsi que changer votre mot de passe et les d\u00e9tails de votre compte.<\/p>","protected":false},"author":1,"featured_media":0,"parent":45,"menu_order":10,"comment_status":"closed","ping_status":"closed","template":"elementor_header_footer","meta":{"_acf_changed":false,"footnotes":""},"class_list":["post-69","page","type-page","status-publish","hentry"],"acf":[],"yoast_head":"<!-- This site is optimized with the Yoast SEO plugin v27.4 - https:\/\/yoast.com\/product\/yoast-seo-wordpress\/ -->\n<title>Mon compte - Domaine de l&#039;Envol\u00e9e<\/title>\n<meta name=\"robots\" content=\"index, follow, max-snippet:-1, max-image-preview:large, max-video-preview:-1\" \/>\n<link rel=\"canonical\" href=\"https:\/\/www.domainedelenvolee.fr\/en\/boutique-en-ligne\/mon-compte\/\" \/>\n<meta property=\"og:locale\" content=\"en_GB\" \/>\n<meta property=\"og:type\" content=\"article\" \/>\n<meta property=\"og:title\" content=\"Mon compte - Domaine de l&#039;Envol\u00e9e\" \/>\n<meta property=\"og:description\" content=\"Mon compte Tableau de bord Commandes T\u00e9l\u00e9chargements Adresses Informations personnelles D\u00e9connexion Bonjour admin9866 (vous n\u2019\u00eates pas admin9866\u00a0? D\u00e9connexion) \u00c0 partir du tableau de bord de votre compte, vous pouvez visualiser vos commandes r\u00e9centes, g\u00e9rer vos adresses de livraison et de facturation ainsi que changer votre mot de passe et les d\u00e9tails de votre compte.\" \/>\n<meta property=\"og:url\" content=\"https:\/\/www.domainedelenvolee.fr\/en\/boutique-en-ligne\/mon-compte\/\" \/>\n<meta property=\"og:site_name\" content=\"Domaine de l&#039;Envol\u00e9e\" \/>\n<meta property=\"article:modified_time\" content=\"2023-06-19T14:26:05+00:00\" \/>\n<meta name=\"twitter:card\" content=\"summary_large_image\" \/>\n<script type=\"application\/ld+json\" class=\"yoast-schema-graph\">{\"@context\":\"https:\\\/\\\/schema.org\",\"@graph\":[{\"@type\":\"WebPage\",\"@id\":\"https:\\\/\\\/www.domainedelenvolee.fr\\\/boutique-en-ligne\\\/mon-compte\\\/\",\"url\":\"https:\\\/\\\/www.domainedelenvolee.fr\\\/boutique-en-ligne\\\/mon-compte\\\/\",\"name\":\"Mon compte - Domaine de l&#039;Envol\u00e9e\",\"isPartOf\":{\"@id\":\"https:\\\/\\\/www.domainedelenvolee.fr\\\/#website\"},\"datePublished\":\"2022-03-11T09:37:53+00:00\",\"dateModified\":\"2023-06-19T14:26:05+00:00\",\"breadcrumb\":{\"@id\":\"https:\\\/\\\/www.domainedelenvolee.fr\\\/boutique-en-ligne\\\/mon-compte\\\/#breadcrumb\"},\"inLanguage\":\"en-GB\",\"potentialAction\":[{\"@type\":\"ReadAction\",\"target\":[\"https:\\\/\\\/www.domainedelenvolee.fr\\\/boutique-en-ligne\\\/mon-compte\\\/\"]}]},{\"@type\":\"BreadcrumbList\",\"@id\":\"https:\\\/\\\/www.domainedelenvolee.fr\\\/boutique-en-ligne\\\/mon-compte\\\/#breadcrumb\",\"itemListElement\":[{\"@type\":\"ListItem\",\"position\":1,\"name\":\"Accueil\",\"item\":\"https:\\\/\\\/www.domainedelenvolee.fr\\\/\"},{\"@type\":\"ListItem\",\"position\":2,\"name\":\"Boutique en ligne\",\"item\":\"https:\\\/\\\/www.domainedelenvolee.fr\\\/boutique-en-ligne\\\/\"},{\"@type\":\"ListItem\",\"position\":3,\"name\":\"Mon compte\"}]},{\"@type\":\"WebSite\",\"@id\":\"https:\\\/\\\/www.domainedelenvolee.fr\\\/#website\",\"url\":\"https:\\\/\\\/www.domainedelenvolee.fr\\\/\",\"name\":\"Domaine de l'Envol\u00e9e\",\"description\":\"Vins, gites de charme et r\u00e9ception \u00e0 P\u00e9zenas\",\"publisher\":{\"@id\":\"https:\\\/\\\/www.domainedelenvolee.fr\\\/#organization\"},\"potentialAction\":[{\"@type\":\"SearchAction\",\"target\":{\"@type\":\"EntryPoint\",\"urlTemplate\":\"https:\\\/\\\/www.domainedelenvolee.fr\\\/?s={search_term_string}\"},\"query-input\":{\"@type\":\"PropertyValueSpecification\",\"valueRequired\":true,\"valueName\":\"search_term_string\"}}],\"inLanguage\":\"en-GB\"},{\"@type\":\"Organization\",\"@id\":\"https:\\\/\\\/www.domainedelenvolee.fr\\\/#organization\",\"name\":\"Domaine de l'Envol\u00e9e\",\"url\":\"https:\\\/\\\/www.domainedelenvolee.fr\\\/\",\"logo\":{\"@type\":\"ImageObject\",\"inLanguage\":\"en-GB\",\"@id\":\"https:\\\/\\\/www.domainedelenvolee.fr\\\/#\\\/schema\\\/logo\\\/image\\\/\",\"url\":\"https:\\\/\\\/www.domainedelenvolee.fr\\\/wp-content\\\/uploads\\\/2023\\\/06\\\/2-logotype-domaine-de-l-envolee.png\",\"contentUrl\":\"https:\\\/\\\/www.domainedelenvolee.fr\\\/wp-content\\\/uploads\\\/2023\\\/06\\\/2-logotype-domaine-de-l-envolee.png\",\"width\":400,\"height\":210,\"caption\":\"Domaine de l'Envol\u00e9e\"},\"image\":{\"@id\":\"https:\\\/\\\/www.domainedelenvolee.fr\\\/#\\\/schema\\\/logo\\\/image\\\/\"}}]}<\/script>\n<!-- \/ Yoast SEO plugin. -->","yoast_head_json":{"title":"Mon compte - Domaine de l&#039;Envol\u00e9e","robots":{"index":"index","follow":"follow","max-snippet":"max-snippet:-1","max-image-preview":"max-image-preview:large","max-video-preview":"max-video-preview:-1"},"canonical":"https:\/\/www.domainedelenvolee.fr\/en\/boutique-en-ligne\/mon-compte\/","og_locale":"en_GB","og_type":"article","og_title":"Mon compte - Domaine de l&#039;Envol\u00e9e","og_description":"Mon compte Tableau de bord Commandes T\u00e9l\u00e9chargements Adresses Informations personnelles D\u00e9connexion Bonjour admin9866 (vous n\u2019\u00eates pas admin9866\u00a0? D\u00e9connexion) \u00c0 partir du tableau de bord de votre compte, vous pouvez visualiser vos commandes r\u00e9centes, g\u00e9rer vos adresses de livraison et de facturation ainsi que changer votre mot de passe et les d\u00e9tails de votre compte.","og_url":"https:\/\/www.domainedelenvolee.fr\/en\/boutique-en-ligne\/mon-compte\/","og_site_name":"Domaine de l&#039;Envol\u00e9e","article_modified_time":"2023-06-19T14:26:05+00:00","twitter_card":"summary_large_image","schema":{"@context":"https:\/\/schema.org","@graph":[{"@type":"WebPage","@id":"https:\/\/www.domainedelenvolee.fr\/boutique-en-ligne\/mon-compte\/","url":"https:\/\/www.domainedelenvolee.fr\/boutique-en-ligne\/mon-compte\/","name":"Mon compte - Domaine de l&#039;Envol\u00e9e","isPartOf":{"@id":"https:\/\/www.domainedelenvolee.fr\/#website"},"datePublished":"2022-03-11T09:37:53+00:00","dateModified":"2023-06-19T14:26:05+00:00","breadcrumb":{"@id":"https:\/\/www.domainedelenvolee.fr\/boutique-en-ligne\/mon-compte\/#breadcrumb"},"inLanguage":"en-GB","potentialAction":[{"@type":"ReadAction","target":["https:\/\/www.domainedelenvolee.fr\/boutique-en-ligne\/mon-compte\/"]}]},{"@type":"BreadcrumbList","@id":"https:\/\/www.domainedelenvolee.fr\/boutique-en-ligne\/mon-compte\/#breadcrumb","itemListElement":[{"@type":"ListItem","position":1,"name":"Accueil","item":"https:\/\/www.domainedelenvolee.fr\/"},{"@type":"ListItem","position":2,"name":"Boutique en ligne","item":"https:\/\/www.domainedelenvolee.fr\/boutique-en-ligne\/"},{"@type":"ListItem","position":3,"name":"Mon compte"}]},{"@type":"WebSite","@id":"https:\/\/www.domainedelenvolee.fr\/#website","url":"https:\/\/www.domainedelenvolee.fr\/","name":"Domaine de l'Envol\u00e9e","description":"Vins, gites de charme et r\u00e9ception \u00e0 P\u00e9zenas","publisher":{"@id":"https:\/\/www.domainedelenvolee.fr\/#organization"},"potentialAction":[{"@type":"SearchAction","target":{"@type":"EntryPoint","urlTemplate":"https:\/\/www.domainedelenvolee.fr\/?s={search_term_string}"},"query-input":{"@type":"PropertyValueSpecification","valueRequired":true,"valueName":"search_term_string"}}],"inLanguage":"en-GB"},{"@type":"Organization","@id":"https:\/\/www.domainedelenvolee.fr\/#organization","name":"Domaine de l'Envol\u00e9e","url":"https:\/\/www.domainedelenvolee.fr\/","logo":{"@type":"ImageObject","inLanguage":"en-GB","@id":"https:\/\/www.domainedelenvolee.fr\/#\/schema\/logo\/image\/","url":"https:\/\/www.domainedelenvolee.fr\/wp-content\/uploads\/2023\/06\/2-logotype-domaine-de-l-envolee.png","contentUrl":"https:\/\/www.domainedelenvolee.fr\/wp-content\/uploads\/2023\/06\/2-logotype-domaine-de-l-envolee.png","width":400,"height":210,"caption":"Domaine de l'Envol\u00e9e"},"image":{"@id":"https:\/\/www.domainedelenvolee.fr\/#\/schema\/logo\/image\/"}}]}},"_links":{"self":[{"href":"https:\/\/www.domainedelenvolee.fr\/en\/wp-json\/wp\/v2\/pages\/69","targetHints":{"allow":["GET"]}}],"collection":[{"href":"https:\/\/www.domainedelenvolee.fr\/en\/wp-json\/wp\/v2\/pages"}],"about":[{"href":"https:\/\/www.domainedelenvolee.fr\/en\/wp-json\/wp\/v2\/types\/page"}],"author":[{"embeddable":true,"href":"https:\/\/www.domainedelenvolee.fr\/en\/wp-json\/wp\/v2\/users\/1"}],"replies":[{"embeddable":true,"href":"https:\/\/www.domainedelenvolee.fr\/en\/wp-json\/wp\/v2\/comments?post=69"}],"version-history":[{"count":22,"href":"https:\/\/www.domainedelenvolee.fr\/en\/wp-json\/wp\/v2\/pages\/69\/revisions"}],"predecessor-version":[{"id":9169,"href":"https:\/\/www.domainedelenvolee.fr\/en\/wp-json\/wp\/v2\/pages\/69\/revisions\/9169"}],"up":[{"embeddable":true,"href":"https:\/\/www.domainedelenvolee.fr\/en\/wp-json\/wp\/v2\/pages\/45"}],"wp:attachment":[{"href":"https:\/\/www.domainedelenvolee.fr\/en\/wp-json\/wp\/v2\/media?parent=69"}],"curies":[{"name":"wp","href":"https:\/\/api.w.org\/{rel}","templated":true}]}}