{"id":73,"date":"2022-03-11T10:38:10","date_gmt":"2022-03-11T09:38:10","guid":{"rendered":"https:\/\/www.domainedelenvolee.fr\/?page_id=73"},"modified":"2024-11-28T06:57:56","modified_gmt":"2024-11-28T05:57:56","slug":"panier","status":"publish","type":"page","link":"https:\/\/www.domainedelenvolee.fr\/en\/boutique-en-ligne\/panier\/","title":{"rendered":"Panier"},"content":{"rendered":"<div data-elementor-type=\"wp-page\" data-elementor-id=\"73\" class=\"elementor elementor-73\" data-elementor-post-type=\"page\">\n\t\t\t\t\t\t<section class=\"elementor-section elementor-top-section elementor-element elementor-element-d61ff07 elementor-section-boxed elementor-section-height-default elementor-section-height-default\" data-id=\"d61ff07\" data-element_type=\"section\" data-e-type=\"section\">\n\t\t\t\t\t\t<div class=\"elementor-container elementor-column-gap-default\">\n\t\t\t\t\t<div class=\"elementor-column elementor-col-100 elementor-top-column elementor-element elementor-element-205dc09\" data-id=\"205dc09\" data-element_type=\"column\" data-e-type=\"column\" data-settings=\"{&quot;background_background&quot;:&quot;classic&quot;}\">\n\t\t\t<div class=\"elementor-widget-wrap elementor-element-populated\">\n\t\t\t\t\t\t<div class=\"elementor-element elementor-element-b74f359 elementor-widget elementor-widget-heading\" data-id=\"b74f359\" data-element_type=\"widget\" data-e-type=\"widget\" data-widget_type=\"heading.default\">\n\t\t\t\t<div class=\"elementor-widget-container\">\n\t\t\t\t\t<h2 class=\"elementor-heading-title elementor-size-default\">PANIER<\/h2>\t\t\t\t<\/div>\n\t\t\t\t<\/div>\n\t\t\t\t<div class=\"elementor-element elementor-element-11976ec elementor-widget elementor-widget-text-editor\" data-id=\"11976ec\" data-element_type=\"widget\" data-e-type=\"widget\" data-widget_type=\"text-editor.default\">\n\t\t\t\t<div class=\"elementor-widget-container\">\n\t\t\t\t\t\t\t\t\t<p><strong>Pour des raisons de conditionnement, merci de valider une commande par multiple de 6 (ex: 6, 12, 18 bouteilles etc.)<\/strong><\/p><p><span style=\"background-color: rgba(2, 1, 1, 0); letter-spacing: var(--letter-spacing);\">Jusqu&rsquo;au 20 d\u00e9cembre la livraison est offerte \u00e0 partir de 100\u20ac d\u2019achat.<\/span><\/p>\t\t\t\t\t\t\t\t<\/div>\n\t\t\t\t<\/div>\n\t\t\t\t\t<\/div>\n\t\t<\/div>\n\t\t\t\t\t<\/div>\n\t\t<\/section>\n\t\t\t\t<\/div>","protected":false},"excerpt":{"rendered":"<p>PANIER Pour des raisons de conditionnement, merci de valider une commande par multiple de 6 (ex: 6, 12, 18 bouteilles etc.) Jusqu&rsquo;au 20 d\u00e9cembre la livraison est offerte \u00e0 partir de 100\u20ac d\u2019achat. Supprimer l\u2019\u00e9l\u00e9ment Miniature Produit Prix Quantit\u00e9 Sous-total &times; Dr\u00f4le d&rsquo;oiseau 12.00&nbsp;&euro; quantit\u00e9 de Dr\u00f4le d&#039;oiseau 72.00&nbsp;&euro; &times; Pr\u00e9lude ros\u00e9 10.00&nbsp;&euro; quantit\u00e9 de [&hellip;]<\/p>\n","protected":false},"author":1,"featured_media":0,"parent":45,"menu_order":7,"comment_status":"closed","ping_status":"closed","template":"elementor_header_footer","meta":{"_acf_changed":false,"footnotes":""},"class_list":["post-73","page","type-page","status-publish","hentry"],"acf":[],"yoast_head":"<!-- This site is optimized with the Yoast SEO plugin v27.4 - https:\/\/yoast.com\/product\/yoast-seo-wordpress\/ -->\n<title>Panier - Domaine de l&#039;Envol\u00e9e<\/title>\n<meta name=\"robots\" content=\"index, follow, max-snippet:-1, max-image-preview:large, max-video-preview:-1\" \/>\n<link rel=\"canonical\" href=\"https:\/\/www.domainedelenvolee.fr\/en\/boutique-en-ligne\/panier\/\" \/>\n<meta property=\"og:locale\" content=\"en_GB\" \/>\n<meta property=\"og:type\" content=\"article\" \/>\n<meta property=\"og:title\" content=\"Panier - Domaine de l&#039;Envol\u00e9e\" \/>\n<meta property=\"og:description\" content=\"PANIER Pour des raisons de conditionnement, merci de valider une commande par multiple de 6 (ex: 6, 12, 18 bouteilles etc.) Jusqu&rsquo;au 20 d\u00e9cembre la livraison est offerte \u00e0 partir de 100\u20ac d\u2019achat. Supprimer l\u2019\u00e9l\u00e9ment Miniature Produit Prix Quantit\u00e9 Sous-total &times; Dr\u00f4le d&rsquo;oiseau 12.00&nbsp;&euro; quantit\u00e9 de Dr\u00f4le d&#039;oiseau 72.00&nbsp;&euro; &times; Pr\u00e9lude ros\u00e9 10.00&nbsp;&euro; quantit\u00e9 de [&hellip;]\" \/>\n<meta property=\"og:url\" content=\"https:\/\/www.domainedelenvolee.fr\/en\/boutique-en-ligne\/panier\/\" \/>\n<meta property=\"og:site_name\" content=\"Domaine de l&#039;Envol\u00e9e\" \/>\n<meta property=\"article:modified_time\" content=\"2024-11-28T05:57:56+00:00\" \/>\n<meta property=\"og:image\" content=\"https:\/\/www.domainedelenvolee.fr\/wp-content\/uploads\/2022\/03\/Plan-de-travail-1drole-doiseau.png\" \/>\n<meta name=\"twitter:card\" content=\"summary_large_image\" \/>\n<meta name=\"twitter:label1\" content=\"Estimated reading time\" \/>\n\t<meta name=\"twitter:data1\" content=\"1 minute\" \/>\n<script type=\"application\/ld+json\" class=\"yoast-schema-graph\">{\"@context\":\"https:\\\/\\\/schema.org\",\"@graph\":[{\"@type\":\"WebPage\",\"@id\":\"https:\\\/\\\/www.domainedelenvolee.fr\\\/boutique-en-ligne\\\/panier\\\/\",\"url\":\"https:\\\/\\\/www.domainedelenvolee.fr\\\/boutique-en-ligne\\\/panier\\\/\",\"name\":\"Panier - Domaine de l&#039;Envol\u00e9e\",\"isPartOf\":{\"@id\":\"https:\\\/\\\/www.domainedelenvolee.fr\\\/#website\"},\"primaryImageOfPage\":{\"@id\":\"https:\\\/\\\/www.domainedelenvolee.fr\\\/boutique-en-ligne\\\/panier\\\/#primaryimage\"},\"image\":{\"@id\":\"https:\\\/\\\/www.domainedelenvolee.fr\\\/boutique-en-ligne\\\/panier\\\/#primaryimage\"},\"thumbnailUrl\":\"https:\\\/\\\/www.domainedelenvolee.fr\\\/wp-content\\\/uploads\\\/2022\\\/03\\\/Plan-de-travail-1drole-doiseau.png\",\"datePublished\":\"2022-03-11T09:38:10+00:00\",\"dateModified\":\"2024-11-28T05:57:56+00:00\",\"breadcrumb\":{\"@id\":\"https:\\\/\\\/www.domainedelenvolee.fr\\\/boutique-en-ligne\\\/panier\\\/#breadcrumb\"},\"inLanguage\":\"en-GB\",\"potentialAction\":[{\"@type\":\"ReadAction\",\"target\":[\"https:\\\/\\\/www.domainedelenvolee.fr\\\/boutique-en-ligne\\\/panier\\\/\"]}]},{\"@type\":\"ImageObject\",\"inLanguage\":\"en-GB\",\"@id\":\"https:\\\/\\\/www.domainedelenvolee.fr\\\/boutique-en-ligne\\\/panier\\\/#primaryimage\",\"url\":\"https:\\\/\\\/www.domainedelenvolee.fr\\\/wp-content\\\/uploads\\\/2022\\\/03\\\/Plan-de-travail-1drole-doiseau.png\",\"contentUrl\":\"https:\\\/\\\/www.domainedelenvolee.fr\\\/wp-content\\\/uploads\\\/2022\\\/03\\\/Plan-de-travail-1drole-doiseau.png\"},{\"@type\":\"BreadcrumbList\",\"@id\":\"https:\\\/\\\/www.domainedelenvolee.fr\\\/boutique-en-ligne\\\/panier\\\/#breadcrumb\",\"itemListElement\":[{\"@type\":\"ListItem\",\"position\":1,\"name\":\"Accueil\",\"item\":\"https:\\\/\\\/www.domainedelenvolee.fr\\\/\"},{\"@type\":\"ListItem\",\"position\":2,\"name\":\"Boutique en ligne\",\"item\":\"https:\\\/\\\/www.domainedelenvolee.fr\\\/boutique-en-ligne\\\/\"},{\"@type\":\"ListItem\",\"position\":3,\"name\":\"Panier\"}]},{\"@type\":\"WebSite\",\"@id\":\"https:\\\/\\\/www.domainedelenvolee.fr\\\/#website\",\"url\":\"https:\\\/\\\/www.domainedelenvolee.fr\\\/\",\"name\":\"Domaine de l'Envol\u00e9e\",\"description\":\"Vins, gites de charme et r\u00e9ception \u00e0 P\u00e9zenas\",\"publisher\":{\"@id\":\"https:\\\/\\\/www.domainedelenvolee.fr\\\/#organization\"},\"potentialAction\":[{\"@type\":\"SearchAction\",\"target\":{\"@type\":\"EntryPoint\",\"urlTemplate\":\"https:\\\/\\\/www.domainedelenvolee.fr\\\/?s={search_term_string}\"},\"query-input\":{\"@type\":\"PropertyValueSpecification\",\"valueRequired\":true,\"valueName\":\"search_term_string\"}}],\"inLanguage\":\"en-GB\"},{\"@type\":\"Organization\",\"@id\":\"https:\\\/\\\/www.domainedelenvolee.fr\\\/#organization\",\"name\":\"Domaine de l'Envol\u00e9e\",\"url\":\"https:\\\/\\\/www.domainedelenvolee.fr\\\/\",\"logo\":{\"@type\":\"ImageObject\",\"inLanguage\":\"en-GB\",\"@id\":\"https:\\\/\\\/www.domainedelenvolee.fr\\\/#\\\/schema\\\/logo\\\/image\\\/\",\"url\":\"https:\\\/\\\/www.domainedelenvolee.fr\\\/wp-content\\\/uploads\\\/2023\\\/06\\\/2-logotype-domaine-de-l-envolee.png\",\"contentUrl\":\"https:\\\/\\\/www.domainedelenvolee.fr\\\/wp-content\\\/uploads\\\/2023\\\/06\\\/2-logotype-domaine-de-l-envolee.png\",\"width\":400,\"height\":210,\"caption\":\"Domaine de l'Envol\u00e9e\"},\"image\":{\"@id\":\"https:\\\/\\\/www.domainedelenvolee.fr\\\/#\\\/schema\\\/logo\\\/image\\\/\"}}]}<\/script>\n<!-- \/ Yoast SEO plugin. -->","yoast_head_json":{"title":"Panier - Domaine de l&#039;Envol\u00e9e","robots":{"index":"index","follow":"follow","max-snippet":"max-snippet:-1","max-image-preview":"max-image-preview:large","max-video-preview":"max-video-preview:-1"},"canonical":"https:\/\/www.domainedelenvolee.fr\/en\/boutique-en-ligne\/panier\/","og_locale":"en_GB","og_type":"article","og_title":"Panier - Domaine de l&#039;Envol\u00e9e","og_description":"PANIER Pour des raisons de conditionnement, merci de valider une commande par multiple de 6 (ex: 6, 12, 18 bouteilles etc.) Jusqu&rsquo;au 20 d\u00e9cembre la livraison est offerte \u00e0 partir de 100\u20ac d\u2019achat. Supprimer l\u2019\u00e9l\u00e9ment Miniature Produit Prix Quantit\u00e9 Sous-total &times; Dr\u00f4le d&rsquo;oiseau 12.00&nbsp;&euro; quantit\u00e9 de Dr\u00f4le d&#039;oiseau 72.00&nbsp;&euro; &times; Pr\u00e9lude ros\u00e9 10.00&nbsp;&euro; quantit\u00e9 de [&hellip;]","og_url":"https:\/\/www.domainedelenvolee.fr\/en\/boutique-en-ligne\/panier\/","og_site_name":"Domaine de l&#039;Envol\u00e9e","article_modified_time":"2024-11-28T05:57:56+00:00","og_image":[{"url":"https:\/\/www.domainedelenvolee.fr\/wp-content\/uploads\/2022\/03\/Plan-de-travail-1drole-doiseau.png","type":"","width":"","height":""}],"twitter_card":"summary_large_image","twitter_misc":{"Estimated reading time":"1 minute"},"schema":{"@context":"https:\/\/schema.org","@graph":[{"@type":"WebPage","@id":"https:\/\/www.domainedelenvolee.fr\/boutique-en-ligne\/panier\/","url":"https:\/\/www.domainedelenvolee.fr\/boutique-en-ligne\/panier\/","name":"Panier - Domaine de l&#039;Envol\u00e9e","isPartOf":{"@id":"https:\/\/www.domainedelenvolee.fr\/#website"},"primaryImageOfPage":{"@id":"https:\/\/www.domainedelenvolee.fr\/boutique-en-ligne\/panier\/#primaryimage"},"image":{"@id":"https:\/\/www.domainedelenvolee.fr\/boutique-en-ligne\/panier\/#primaryimage"},"thumbnailUrl":"https:\/\/www.domainedelenvolee.fr\/wp-content\/uploads\/2022\/03\/Plan-de-travail-1drole-doiseau.png","datePublished":"2022-03-11T09:38:10+00:00","dateModified":"2024-11-28T05:57:56+00:00","breadcrumb":{"@id":"https:\/\/www.domainedelenvolee.fr\/boutique-en-ligne\/panier\/#breadcrumb"},"inLanguage":"en-GB","potentialAction":[{"@type":"ReadAction","target":["https:\/\/www.domainedelenvolee.fr\/boutique-en-ligne\/panier\/"]}]},{"@type":"ImageObject","inLanguage":"en-GB","@id":"https:\/\/www.domainedelenvolee.fr\/boutique-en-ligne\/panier\/#primaryimage","url":"https:\/\/www.domainedelenvolee.fr\/wp-content\/uploads\/2022\/03\/Plan-de-travail-1drole-doiseau.png","contentUrl":"https:\/\/www.domainedelenvolee.fr\/wp-content\/uploads\/2022\/03\/Plan-de-travail-1drole-doiseau.png"},{"@type":"BreadcrumbList","@id":"https:\/\/www.domainedelenvolee.fr\/boutique-en-ligne\/panier\/#breadcrumb","itemListElement":[{"@type":"ListItem","position":1,"name":"Accueil","item":"https:\/\/www.domainedelenvolee.fr\/"},{"@type":"ListItem","position":2,"name":"Boutique en ligne","item":"https:\/\/www.domainedelenvolee.fr\/boutique-en-ligne\/"},{"@type":"ListItem","position":3,"name":"Panier"}]},{"@type":"WebSite","@id":"https:\/\/www.domainedelenvolee.fr\/#website","url":"https:\/\/www.domainedelenvolee.fr\/","name":"Domaine de l'Envol\u00e9e","description":"Vins, gites de charme et r\u00e9ception \u00e0 P\u00e9zenas","publisher":{"@id":"https:\/\/www.domainedelenvolee.fr\/#organization"},"potentialAction":[{"@type":"SearchAction","target":{"@type":"EntryPoint","urlTemplate":"https:\/\/www.domainedelenvolee.fr\/?s={search_term_string}"},"query-input":{"@type":"PropertyValueSpecification","valueRequired":true,"valueName":"search_term_string"}}],"inLanguage":"en-GB"},{"@type":"Organization","@id":"https:\/\/www.domainedelenvolee.fr\/#organization","name":"Domaine de l'Envol\u00e9e","url":"https:\/\/www.domainedelenvolee.fr\/","logo":{"@type":"ImageObject","inLanguage":"en-GB","@id":"https:\/\/www.domainedelenvolee.fr\/#\/schema\/logo\/image\/","url":"https:\/\/www.domainedelenvolee.fr\/wp-content\/uploads\/2023\/06\/2-logotype-domaine-de-l-envolee.png","contentUrl":"https:\/\/www.domainedelenvolee.fr\/wp-content\/uploads\/2023\/06\/2-logotype-domaine-de-l-envolee.png","width":400,"height":210,"caption":"Domaine de l'Envol\u00e9e"},"image":{"@id":"https:\/\/www.domainedelenvolee.fr\/#\/schema\/logo\/image\/"}}]}},"_links":{"self":[{"href":"https:\/\/www.domainedelenvolee.fr\/en\/wp-json\/wp\/v2\/pages\/73","targetHints":{"allow":["GET"]}}],"collection":[{"href":"https:\/\/www.domainedelenvolee.fr\/en\/wp-json\/wp\/v2\/pages"}],"about":[{"href":"https:\/\/www.domainedelenvolee.fr\/en\/wp-json\/wp\/v2\/types\/page"}],"author":[{"embeddable":true,"href":"https:\/\/www.domainedelenvolee.fr\/en\/wp-json\/wp\/v2\/users\/1"}],"replies":[{"embeddable":true,"href":"https:\/\/www.domainedelenvolee.fr\/en\/wp-json\/wp\/v2\/comments?post=73"}],"version-history":[{"count":106,"href":"https:\/\/www.domainedelenvolee.fr\/en\/wp-json\/wp\/v2\/pages\/73\/revisions"}],"predecessor-version":[{"id":10568,"href":"https:\/\/www.domainedelenvolee.fr\/en\/wp-json\/wp\/v2\/pages\/73\/revisions\/10568"}],"up":[{"embeddable":true,"href":"https:\/\/www.domainedelenvolee.fr\/en\/wp-json\/wp\/v2\/pages\/45"}],"wp:attachment":[{"href":"https:\/\/www.domainedelenvolee.fr\/en\/wp-json\/wp\/v2\/media?parent=73"}],"curies":[{"name":"wp","href":"https:\/\/api.w.org\/{rel}","templated":true}]}}